{"id":743,"date":"2019-01-14T22:38:14","date_gmt":"2019-01-14T22:38:14","guid":{"rendered":"https:\/\/www.ninetheme.com\/themes\/softing\/?page_id=743"},"modified":"2023-06-15T18:51:38","modified_gmt":"2023-06-15T18:51:38","slug":"blog","status":"publish","type":"page","link":"https:\/\/prismart.ai\/en\/blog\/","title":{"rendered":"Blog"},"content":{"rendered":"<section class=\"wpb-content-wrapper\"><div data-vc-full-width=\"true\" data-vc-full-width-init=\"false\" data-vc-stretch-content=\"true\" class=\"ult-responsive row vc_row-no-padding\"><div class=\"nt-column col-sm-12\"><div class=\"nt-column-inner\"><div class=\"nt-wrapper  vc_custom_1547504239842\"><div class=\"breadcrumb-area shadow dark bg-fixed text-center padding-xl text-light vc_custom_1686855056899\"><div class=\"container\"><div class=\"row\"><div class=\"col-lg-12 col-md-12\"><h1>Insights and Learnings<\/h1><div class=\"page-breadcrumbs\"><div class=\"nt-breadcrumbs breadcrumb\"><ul class=\"nt-breadcrumbs-list\"><li class=\"bitem\"><span><a class=\"breadcrumbs__link\" href=\"https:\/\/prismart.ai\/en\/\"><span>Home<\/span><\/a><\/span><\/li><\/ul><\/div><\/div><\/div><\/div><\/div><\/div><\/div><\/div><\/div><\/div><div class=\"vc_row-full-width vc_clearfix\"><\/div><div class=\"container\"><div data-vc-full-width=\"true\" data-vc-full-width-init=\"false\" class=\"ult-responsive row ptb-80 vc_custom_1547504913822 vc_row-has-fill\"><div class=\"nt-column col-sm-12\"><div class=\"nt-column-inner\"><div class=\"nt-wrapper  vc_custom_1547504239842\"><div class=\"blog-area blog_posts_1541250665875\"><div class=\"blog-items\"><div id=\"post-972\" class=\"col-lg-6 col-md-6 nt-post  post-972 post type-post status-publish format-standard has-post-thumbnail hentry category-marca  c-blog-1-item  nt-post-class\"><div class=\"item text-left\"><div class=\"thumb\"><a href=\"https:\/\/prismart.ai\/en\/por-que-prismart\/\"><img loading=\"lazy\" decoding=\"async\" width=\"700\" height=\"500\" src=\"https:\/\/prismart.ai\/wp-content\/uploads\/2023\/06\/PRISMART.jpg\" class=\"attachment-767x520 size-767x520 wp-post-image\" alt=\"\" \/><div class=\"post-type\"><i class=\"fas fa-image\"><\/i><\/div><\/a><\/div><div class=\"info\"><h4><a href=\"https:\/\/prismart.ai\/en\/por-que-prismart\/\">Why PRISMART?<\/a><\/h4><div class=\"meta\"><ul><li><a href=\"https:\/\/prismart.ai\/en\/2023\/06\/15\/\" class=\"post-date\"><i class=\"fa fa-calendar\"><\/i> 15 de June de 2023<\/a><\/li><li><a href=\"https:\/\/prismart.ai\/en\/author\/prismart\/\" class=\"post-author\"><i class=\"fa fa-user\"><\/i> Jaime Cofre<\/a><\/li><li><a class=\"post-comment\" href=\"\"><i class=\"fa fa-comments\"><\/i> 0<\/a><\/li><\/ul><\/div><p>PRISMART allows you to understand digital transformation and manage it intelligently.<\/p>\n<\/div><\/div><\/div><div id=\"post-480\" class=\"col-lg-6 col-md-6 nt-post  post-480 post type-post status-publish format-standard has-post-thumbnail hentry category-transformacion-digital  c-blog-1-item  nt-post-class\"><div class=\"item text-left\"><div class=\"thumb\"><a href=\"https:\/\/prismart.ai\/en\/plataforma-itd\/\"><img loading=\"lazy\" decoding=\"async\" width=\"767\" height=\"511\" src=\"https:\/\/prismart.ai\/wp-content\/uploads\/2023\/05\/multiracial-financiers-discussing-company-incomes-2021-12-09-02-46-02-utc-scaled.jpg\" class=\"attachment-767x520 size-767x520 wp-post-image\" alt=\"\" srcset=\"https:\/\/prismart.ai\/wp-content\/uploads\/2023\/05\/multiracial-financiers-discussing-company-incomes-2021-12-09-02-46-02-utc-scaled.jpg 2560w, https:\/\/prismart.ai\/wp-content\/uploads\/2023\/05\/multiracial-financiers-discussing-company-incomes-2021-12-09-02-46-02-utc-300x200.jpg 300w, https:\/\/prismart.ai\/wp-content\/uploads\/2023\/05\/multiracial-financiers-discussing-company-incomes-2021-12-09-02-46-02-utc-1024x683.jpg 1024w, https:\/\/prismart.ai\/wp-content\/uploads\/2023\/05\/multiracial-financiers-discussing-company-incomes-2021-12-09-02-46-02-utc-768x512.jpg 768w, https:\/\/prismart.ai\/wp-content\/uploads\/2023\/05\/multiracial-financiers-discussing-company-incomes-2021-12-09-02-46-02-utc-1536x1024.jpg 1536w, https:\/\/prismart.ai\/wp-content\/uploads\/2023\/05\/multiracial-financiers-discussing-company-incomes-2021-12-09-02-46-02-utc-2048x1365.jpg 2048w, https:\/\/prismart.ai\/wp-content\/uploads\/2023\/05\/multiracial-financiers-discussing-company-incomes-2021-12-09-02-46-02-utc-120x80.jpg 120w, https:\/\/prismart.ai\/wp-content\/uploads\/2023\/05\/multiracial-financiers-discussing-company-incomes-2021-12-09-02-46-02-utc-240x160.jpg 240w, https:\/\/prismart.ai\/wp-content\/uploads\/2023\/05\/multiracial-financiers-discussing-company-incomes-2021-12-09-02-46-02-utc-360x240.jpg 360w, https:\/\/prismart.ai\/wp-content\/uploads\/2023\/05\/multiracial-financiers-discussing-company-incomes-2021-12-09-02-46-02-utc-480x320.jpg 480w, https:\/\/prismart.ai\/wp-content\/uploads\/2023\/05\/multiracial-financiers-discussing-company-incomes-2021-12-09-02-46-02-utc-820x547.jpg 820w, https:\/\/prismart.ai\/wp-content\/uploads\/2023\/05\/multiracial-financiers-discussing-company-incomes-2021-12-09-02-46-02-utc-1040x693.jpg 1040w\" sizes=\"auto, (max-width: 767px) 100vw, 767px\" \/><div class=\"post-type\"><i class=\"fas fa-image\"><\/i><\/div><\/a><\/div><div class=\"info\"><h4><a href=\"https:\/\/prismart.ai\/en\/plataforma-itd\/\">Revolutionizing the Future: Discover Our Digital Transformation Platform<\/a><\/h4><div class=\"meta\"><ul><li><a href=\"https:\/\/prismart.ai\/en\/2023\/06\/03\/\" class=\"post-date\"><i class=\"fa fa-calendar\"><\/i> 3 de June de 2023<\/a><\/li><li><a href=\"https:\/\/prismart.ai\/en\/author\/admin_prismart\/\" class=\"post-author\"><i class=\"fa fa-user\"><\/i> admin_prismart<\/a><\/li><li><a class=\"post-comment\" href=\"\"><i class=\"fa fa-comments\"><\/i> 0<\/a><\/li><\/ul><\/div><p>Take control of your transformation process and take your business to the next level!<\/p>\n<\/div><\/div><\/div><\/div><div class=\"col-lg-12 col-md-12\"><div class=\"pagination-shortcode text-left\"><\/div><\/div><\/div><\/div><\/div><\/div><\/div><div class=\"vc_row-full-width vc_clearfix\"><\/div><\/div>\n<\/section>","protected":false},"excerpt":{"rendered":"En un mundo cada vez m\u00e1s interconectado y orientado hacia la tecnolog\u00eda, la transformaci\u00f3n digital se ha convertido en una necesidad imperante para las empresas de todos los sectores. Desde la automatizaci\u00f3n de procesos hasta la adopci\u00f3n de soluciones basadas en la nube, las organizaciones deben adaptarse r\u00e1pidamente para mantenerse competitivas en este panorama en...","protected":false},"author":1,"featured_media":0,"parent":0,"menu_order":0,"comment_status":"closed","ping_status":"closed","template":"custom-page.php","meta":{"om_disable_all_campaigns":false,"_monsterinsights_skip_tracking":false,"_monsterinsights_sitenote_active":false,"_monsterinsights_sitenote_note":"","_monsterinsights_sitenote_category":0,"_uf_show_specific_survey":0,"_uf_disable_surveys":false,"footnotes":""},"class_list":["post-743","page","type-page","status-publish","hentry"," c-blog-1-item  nt-post-class"],"aioseo_notices":[],"yoast_head":"<!-- This site is optimized with the Yoast SEO plugin v21.5 - https:\/\/yoast.com\/wordpress\/plugins\/seo\/ -->\n<title>Blog - Prismart<\/title>\n<meta name=\"robots\" content=\"index, follow, max-snippet:-1, max-image-preview:large, max-video-preview:-1\" \/>\n<link rel=\"canonical\" href=\"https:\/\/prismart.ai\/en\/blog\/\" \/>\n<meta property=\"og:locale\" content=\"en_US\" \/>\n<meta property=\"og:type\" content=\"article\" \/>\n<meta property=\"og:title\" content=\"Blog - Prismart\" \/>\n<meta property=\"og:url\" content=\"https:\/\/prismart.ai\/en\/blog\/\" \/>\n<meta property=\"og:site_name\" content=\"Prismart\" \/>\n<meta property=\"article:modified_time\" content=\"2023-06-15T18:51:38+00:00\" \/>\n<meta property=\"og:image\" content=\"https:\/\/prismart.ai\/wp-content\/uploads\/2023\/11\/entrada-prismart.jpg\" \/>\n\t<meta property=\"og:image:width\" content=\"1200\" \/>\n\t<meta property=\"og:image:height\" content=\"675\" \/>\n\t<meta property=\"og:image:type\" content=\"image\/jpeg\" \/>\n<meta name=\"twitter:card\" content=\"summary_large_image\" \/>\n<meta name=\"twitter:label1\" content=\"Est. reading time\" \/>\n\t<meta name=\"twitter:data1\" content=\"1 minute\" \/>\n<script type=\"application\/ld+json\" class=\"yoast-schema-graph\">{\"@context\":\"https:\/\/schema.org\",\"@graph\":[{\"@type\":\"WebPage\",\"@id\":\"https:\/\/prismart.ai\/blog\/\",\"url\":\"https:\/\/prismart.ai\/blog\/\",\"name\":\"Blog - Prismart\",\"isPartOf\":{\"@id\":\"https:\/\/prismart.ai\/#website\"},\"datePublished\":\"2019-01-14T22:38:14+00:00\",\"dateModified\":\"2023-06-15T18:51:38+00:00\",\"breadcrumb\":{\"@id\":\"https:\/\/prismart.ai\/blog\/#breadcrumb\"},\"inLanguage\":\"en-US\",\"potentialAction\":[{\"@type\":\"ReadAction\",\"target\":[\"https:\/\/prismart.ai\/blog\/\"]}]},{\"@type\":\"BreadcrumbList\",\"@id\":\"https:\/\/prismart.ai\/blog\/#breadcrumb\",\"itemListElement\":[{\"@type\":\"ListItem\",\"position\":1,\"name\":\"Portada\",\"item\":\"https:\/\/prismart.ai\/\"},{\"@type\":\"ListItem\",\"position\":2,\"name\":\"Blog\"}]},{\"@type\":\"WebSite\",\"@id\":\"https:\/\/prismart.ai\/#website\",\"url\":\"https:\/\/prismart.ai\/\",\"name\":\"Prismart\",\"description\":\"Desde Prismart queremos darles una herramienta para ver y analizar la transformaci\u00f3n de la organizaci\u00f3n con un prisma distinto y de alto valor para la toma de desiciones.\",\"publisher\":{\"@id\":\"https:\/\/prismart.ai\/#organization\"},\"potentialAction\":[{\"@type\":\"SearchAction\",\"target\":{\"@type\":\"EntryPoint\",\"urlTemplate\":\"https:\/\/prismart.ai\/?s={search_term_string}\"},\"query-input\":\"required name=search_term_string\"}],\"inLanguage\":\"en-US\"},{\"@type\":\"Organization\",\"@id\":\"https:\/\/prismart.ai\/#organization\",\"name\":\"Prismart, tu aliado en transformaci\u00f3n digital\",\"url\":\"https:\/\/prismart.ai\/\",\"logo\":{\"@type\":\"ImageObject\",\"inLanguage\":\"en-US\",\"@id\":\"https:\/\/prismart.ai\/#\/schema\/logo\/image\/\",\"url\":\"https:\/\/prismart.ai\/wp-content\/uploads\/2023\/11\/prismart-logo.png\",\"contentUrl\":\"https:\/\/prismart.ai\/wp-content\/uploads\/2023\/11\/prismart-logo.png\",\"width\":600,\"height\":400,\"caption\":\"Prismart, tu aliado en transformaci\u00f3n digital\"},\"image\":{\"@id\":\"https:\/\/prismart.ai\/#\/schema\/logo\/image\/\"},\"sameAs\":[\"https:\/\/www.instagram.com\/prismart.ai\/\",\"https:\/\/www.linkedin.com\/company\/prismart-ai\"]}]}<\/script>\n<!-- \/ Yoast SEO plugin. -->","yoast_head_json":{"title":"Blog - Prismart","robots":{"index":"index","follow":"follow","max-snippet":"max-snippet:-1","max-image-preview":"max-image-preview:large","max-video-preview":"max-video-preview:-1"},"canonical":"https:\/\/prismart.ai\/en\/blog\/","og_locale":"en_US","og_type":"article","og_title":"Blog - Prismart","og_url":"https:\/\/prismart.ai\/en\/blog\/","og_site_name":"Prismart","article_modified_time":"2023-06-15T18:51:38+00:00","og_image":[{"width":1200,"height":675,"url":"https:\/\/prismart.ai\/wp-content\/uploads\/2023\/11\/entrada-prismart.jpg","type":"image\/jpeg"}],"twitter_card":"summary_large_image","twitter_misc":{"Est. reading time":"1 minute"},"schema":{"@context":"https:\/\/schema.org","@graph":[{"@type":"WebPage","@id":"https:\/\/prismart.ai\/blog\/","url":"https:\/\/prismart.ai\/blog\/","name":"Blog - Prismart","isPartOf":{"@id":"https:\/\/prismart.ai\/#website"},"datePublished":"2019-01-14T22:38:14+00:00","dateModified":"2023-06-15T18:51:38+00:00","breadcrumb":{"@id":"https:\/\/prismart.ai\/blog\/#breadcrumb"},"inLanguage":"en-US","potentialAction":[{"@type":"ReadAction","target":["https:\/\/prismart.ai\/blog\/"]}]},{"@type":"BreadcrumbList","@id":"https:\/\/prismart.ai\/blog\/#breadcrumb","itemListElement":[{"@type":"ListItem","position":1,"name":"Portada","item":"https:\/\/prismart.ai\/"},{"@type":"ListItem","position":2,"name":"Blog"}]},{"@type":"WebSite","@id":"https:\/\/prismart.ai\/#website","url":"https:\/\/prismart.ai\/","name":"Prismart","description":"Desde Prismart queremos darles una herramienta para ver y analizar la transformaci\u00f3n de la organizaci\u00f3n con un prisma distinto y de alto valor para la toma de desiciones.","publisher":{"@id":"https:\/\/prismart.ai\/#organization"},"potentialAction":[{"@type":"SearchAction","target":{"@type":"EntryPoint","urlTemplate":"https:\/\/prismart.ai\/?s={search_term_string}"},"query-input":"required name=search_term_string"}],"inLanguage":"en-US"},{"@type":"Organization","@id":"https:\/\/prismart.ai\/#organization","name":"Prismart, tu aliado en transformaci\u00f3n digital","url":"https:\/\/prismart.ai\/","logo":{"@type":"ImageObject","inLanguage":"en-US","@id":"https:\/\/prismart.ai\/#\/schema\/logo\/image\/","url":"https:\/\/prismart.ai\/wp-content\/uploads\/2023\/11\/prismart-logo.png","contentUrl":"https:\/\/prismart.ai\/wp-content\/uploads\/2023\/11\/prismart-logo.png","width":600,"height":400,"caption":"Prismart, tu aliado en transformaci\u00f3n digital"},"image":{"@id":"https:\/\/prismart.ai\/#\/schema\/logo\/image\/"},"sameAs":["https:\/\/www.instagram.com\/prismart.ai\/","https:\/\/www.linkedin.com\/company\/prismart-ai"]}]}},"_links":{"self":[{"href":"https:\/\/prismart.ai\/en\/wp-json\/wp\/v2\/pages\/743","targetHints":{"allow":["GET"]}}],"collection":[{"href":"https:\/\/prismart.ai\/en\/wp-json\/wp\/v2\/pages"}],"about":[{"href":"https:\/\/prismart.ai\/en\/wp-json\/wp\/v2\/types\/page"}],"author":[{"embeddable":true,"href":"https:\/\/prismart.ai\/en\/wp-json\/wp\/v2\/users\/1"}],"replies":[{"embeddable":true,"href":"https:\/\/prismart.ai\/en\/wp-json\/wp\/v2\/comments?post=743"}],"version-history":[{"count":3,"href":"https:\/\/prismart.ai\/en\/wp-json\/wp\/v2\/pages\/743\/revisions"}],"predecessor-version":[{"id":997,"href":"https:\/\/prismart.ai\/en\/wp-json\/wp\/v2\/pages\/743\/revisions\/997"}],"wp:attachment":[{"href":"https:\/\/prismart.ai\/en\/wp-json\/wp\/v2\/media?parent=743"}],"curies":[{"name":"wp","href":"https:\/\/api.w.org\/{rel}","templated":true}]}}